{"id":114,"date":"2024-11-21T04:53:08","date_gmt":"2024-11-21T04:53:08","guid":{"rendered":"http:\/\/bustum.hostingwebgdl.com\/proissa\/producto\/sistema-de-estabilizacion-de-costilla-spider-fractura-vertical-2\/"},"modified":"2025-02-24T00:58:25","modified_gmt":"2025-02-24T00:58:25","slug":"sistema-de-estabilizacion-de-costilla-spider-fractura-vertical-2","status":"publish","type":"product","link":"https:\/\/proissa.mx\/?product=sistema-de-estabilizacion-de-costilla-spider-fractura-vertical-2","title":{"rendered":"Sistema de estabilizaci\u00f3n de costilla Spider Fractura Vertical"},"content":{"rendered":"<table dir=\"ltr\" border=\"1\" cellspacing=\"0\" cellpadding=\"0\" data-sheets-root=\"1\" data-sheets-baot=\"1\">\n<colgroup>\n<col width=\"122\" \/>\n<col width=\"620\" \/><\/colgroup>\n<tbody>\n<tr>\n<td>C\u00f3digo<\/td>\n<td>Descripci\u00f3n<\/td>\n<\/tr>\n<tr>\n<td>9921907030<\/td>\n<td>Placa para fractura vertical 14X30mm, LG01<\/td>\n<\/tr>\n<tr>\n<td>9921907035<\/td>\n<td>Placa para fractura vertical 14X35mm, LG01<\/td>\n<\/tr>\n<tr>\n<td>9921908030<\/td>\n<td>Placa para fractura vertical 17X30mm, LG01<\/td>\n<\/tr>\n<tr>\n<td>9921908035<\/td>\n<td>Placa para fractura vertical 17X35mm, LG01<\/td>\n<\/tr>\n<tr>\n<td>9921909030<\/td>\n<td>Placa para fractura vertical 19X30mm, LG01<\/td>\n<\/tr>\n<tr>\n<td>9921909035<\/td>\n<td>Placa para fractura vertical 19X35mm, LG01<\/td>\n<\/tr>\n<\/tbody>\n<\/table>\n","protected":false},"excerpt":{"rendered":"<p>C\u00f3digo Descripci\u00f3n 9921907030 Placa para fractura vertical 14X30mm, LG01 9921907035 Placa para fractura vertical 14X35mm, LG01 9921908030 Placa para fractura vertical 17X30mm, LG01 9921908035 Placa para fractura vertical 17X35mm, LG01 9921909030 Placa para fractura vertical 19X30mm, LG01 9921909035 Placa para fractura vertical 19X35mm, LG01<\/p>\n","protected":false},"featured_media":67,"comment_status":"closed","ping_status":"closed","template":"","meta":[],"product_brand":[65],"product_cat":[36],"product_tag":[25],"class_list":{"0":"post-114","1":"product","2":"type-product","3":"status-publish","4":"has-post-thumbnail","6":"product_brand-ibit-fix","7":"product_cat-torax-y-costilla","8":"product_tag-titanio","10":"first","11":"instock","12":"purchasable","13":"product-type-simple"},"yoast_head":"<!-- This site is optimized with the Yoast SEO plugin v27.3 - https:\/\/yoast.com\/product\/yoast-seo-wordpress\/ -->\n<title>Sistema de estabilizaci\u00f3n de costilla Spider Fractura Vertical - Proissa<\/title>\n<meta name=\"robots\" content=\"index, follow, max-snippet:-1, max-image-preview:large, max-video-preview:-1\" \/>\n<link rel=\"canonical\" href=\"https:\/\/proissa.mx\/?product=sistema-de-estabilizacion-de-costilla-spider-fractura-vertical-2\" \/>\n<meta property=\"og:locale\" content=\"es_MX\" \/>\n<meta property=\"og:type\" content=\"article\" \/>\n<meta property=\"og:title\" content=\"Sistema de estabilizaci\u00f3n de costilla Spider Fractura Vertical - Proissa\" \/>\n<meta property=\"og:description\" content=\"C\u00f3digo Descripci\u00f3n 9921907030 Placa para fractura vertical 14X30mm, LG01 9921907035 Placa para fractura vertical 14X35mm, LG01 9921908030 Placa para fractura vertical 17X30mm, LG01 9921908035 Placa para fractura vertical 17X35mm, LG01 9921909030 Placa para fractura vertical 19X30mm, LG01 9921909035 Placa para fractura vertical 19X35mm, LG01\" \/>\n<meta property=\"og:url\" content=\"https:\/\/proissa.mx\/?product=sistema-de-estabilizacion-de-costilla-spider-fractura-vertical-2\" \/>\n<meta property=\"og:site_name\" content=\"Proissa\" \/>\n<meta property=\"article:publisher\" content=\"https:\/\/www.facebook.com\/proissamx\" \/>\n<meta property=\"article:modified_time\" content=\"2025-02-24T00:58:25+00:00\" \/>\n<meta property=\"og:image\" content=\"https:\/\/proissa.mx\/wp-content\/uploads\/2024\/11\/9921908035.webp\" \/>\n\t<meta property=\"og:image:width\" content=\"1000\" \/>\n\t<meta property=\"og:image:height\" content=\"1000\" \/>\n\t<meta property=\"og:image:type\" content=\"image\/webp\" \/>\n<meta name=\"twitter:card\" content=\"summary_large_image\" \/>\n<script type=\"application\/ld+json\" class=\"yoast-schema-graph\">{\"@context\":\"https:\\\/\\\/schema.org\",\"@graph\":[{\"@type\":\"WebPage\",\"@id\":\"https:\\\/\\\/proissa.mx\\\/?product=sistema-de-estabilizacion-de-costilla-spider-fractura-vertical-2\",\"url\":\"https:\\\/\\\/proissa.mx\\\/?product=sistema-de-estabilizacion-de-costilla-spider-fractura-vertical-2\",\"name\":\"Sistema de estabilizaci\u00f3n de costilla Spider Fractura Vertical - Proissa\",\"isPartOf\":{\"@id\":\"https:\\\/\\\/proissa.mx\\\/#website\"},\"primaryImageOfPage\":{\"@id\":\"https:\\\/\\\/proissa.mx\\\/?product=sistema-de-estabilizacion-de-costilla-spider-fractura-vertical-2#primaryimage\"},\"image\":{\"@id\":\"https:\\\/\\\/proissa.mx\\\/?product=sistema-de-estabilizacion-de-costilla-spider-fractura-vertical-2#primaryimage\"},\"thumbnailUrl\":\"https:\\\/\\\/proissa.mx\\\/wp-content\\\/uploads\\\/2024\\\/11\\\/9921908035.webp\",\"datePublished\":\"2024-11-21T04:53:08+00:00\",\"dateModified\":\"2025-02-24T00:58:25+00:00\",\"breadcrumb\":{\"@id\":\"https:\\\/\\\/proissa.mx\\\/?product=sistema-de-estabilizacion-de-costilla-spider-fractura-vertical-2#breadcrumb\"},\"inLanguage\":\"es\",\"potentialAction\":[{\"@type\":\"ReadAction\",\"target\":[\"https:\\\/\\\/proissa.mx\\\/?product=sistema-de-estabilizacion-de-costilla-spider-fractura-vertical-2\"]}]},{\"@type\":\"ImageObject\",\"inLanguage\":\"es\",\"@id\":\"https:\\\/\\\/proissa.mx\\\/?product=sistema-de-estabilizacion-de-costilla-spider-fractura-vertical-2#primaryimage\",\"url\":\"https:\\\/\\\/proissa.mx\\\/wp-content\\\/uploads\\\/2024\\\/11\\\/9921908035.webp\",\"contentUrl\":\"https:\\\/\\\/proissa.mx\\\/wp-content\\\/uploads\\\/2024\\\/11\\\/9921908035.webp\",\"width\":1000,\"height\":1000},{\"@type\":\"BreadcrumbList\",\"@id\":\"https:\\\/\\\/proissa.mx\\\/?product=sistema-de-estabilizacion-de-costilla-spider-fractura-vertical-2#breadcrumb\",\"itemListElement\":[{\"@type\":\"ListItem\",\"position\":1,\"name\":\"Inicio\",\"item\":\"https:\\\/\\\/proissa.mx\\\/\"},{\"@type\":\"ListItem\",\"position\":2,\"name\":\"Marcas\",\"item\":\"https:\\\/\\\/proissa.mx\\\/?page_id=7\"},{\"@type\":\"ListItem\",\"position\":3,\"name\":\"Sistema de estabilizaci\u00f3n de costilla Spider Fractura Vertical\"}]},{\"@type\":\"WebSite\",\"@id\":\"https:\\\/\\\/proissa.mx\\\/#website\",\"url\":\"https:\\\/\\\/proissa.mx\\\/\",\"name\":\"PROISSA.mx\",\"description\":\"Soluciones m\u00e9dicas que transforman vidas\",\"publisher\":{\"@id\":\"https:\\\/\\\/proissa.mx\\\/#organization\"},\"potentialAction\":[{\"@type\":\"SearchAction\",\"target\":{\"@type\":\"EntryPoint\",\"urlTemplate\":\"https:\\\/\\\/proissa.mx\\\/?s={search_term_string}\"},\"query-input\":{\"@type\":\"PropertyValueSpecification\",\"valueRequired\":true,\"valueName\":\"search_term_string\"}}],\"inLanguage\":\"es\"},{\"@type\":\"Organization\",\"@id\":\"https:\\\/\\\/proissa.mx\\\/#organization\",\"name\":\"PROISSA\",\"url\":\"https:\\\/\\\/proissa.mx\\\/\",\"logo\":{\"@type\":\"ImageObject\",\"inLanguage\":\"es\",\"@id\":\"https:\\\/\\\/proissa.mx\\\/#\\\/schema\\\/logo\\\/image\\\/\",\"url\":\"https:\\\/\\\/proissa.mx\\\/wp-content\\\/uploads\\\/2025\\\/01\\\/Logo-Proissa.webp\",\"contentUrl\":\"https:\\\/\\\/proissa.mx\\\/wp-content\\\/uploads\\\/2025\\\/01\\\/Logo-Proissa.webp\",\"width\":99,\"height\":39,\"caption\":\"PROISSA\"},\"image\":{\"@id\":\"https:\\\/\\\/proissa.mx\\\/#\\\/schema\\\/logo\\\/image\\\/\"},\"sameAs\":[\"https:\\\/\\\/www.facebook.com\\\/proissamx\",\"https:\\\/\\\/www.instagram.com\\\/proissa.mx\\\/\",\"https:\\\/\\\/www.linkedin.com\\\/company\\\/proissa\\\/\"]}]}<\/script>\n<!-- \/ Yoast SEO plugin. -->","yoast_head_json":{"title":"Sistema de estabilizaci\u00f3n de costilla Spider Fractura Vertical - Proissa","robots":{"index":"index","follow":"follow","max-snippet":"max-snippet:-1","max-image-preview":"max-image-preview:large","max-video-preview":"max-video-preview:-1"},"canonical":"https:\/\/proissa.mx\/?product=sistema-de-estabilizacion-de-costilla-spider-fractura-vertical-2","og_locale":"es_MX","og_type":"article","og_title":"Sistema de estabilizaci\u00f3n de costilla Spider Fractura Vertical - Proissa","og_description":"C\u00f3digo Descripci\u00f3n 9921907030 Placa para fractura vertical 14X30mm, LG01 9921907035 Placa para fractura vertical 14X35mm, LG01 9921908030 Placa para fractura vertical 17X30mm, LG01 9921908035 Placa para fractura vertical 17X35mm, LG01 9921909030 Placa para fractura vertical 19X30mm, LG01 9921909035 Placa para fractura vertical 19X35mm, LG01","og_url":"https:\/\/proissa.mx\/?product=sistema-de-estabilizacion-de-costilla-spider-fractura-vertical-2","og_site_name":"Proissa","article_publisher":"https:\/\/www.facebook.com\/proissamx","article_modified_time":"2025-02-24T00:58:25+00:00","og_image":[{"width":1000,"height":1000,"url":"https:\/\/proissa.mx\/wp-content\/uploads\/2024\/11\/9921908035.webp","type":"image\/webp"}],"twitter_card":"summary_large_image","schema":{"@context":"https:\/\/schema.org","@graph":[{"@type":"WebPage","@id":"https:\/\/proissa.mx\/?product=sistema-de-estabilizacion-de-costilla-spider-fractura-vertical-2","url":"https:\/\/proissa.mx\/?product=sistema-de-estabilizacion-de-costilla-spider-fractura-vertical-2","name":"Sistema de estabilizaci\u00f3n de costilla Spider Fractura Vertical - Proissa","isPartOf":{"@id":"https:\/\/proissa.mx\/#website"},"primaryImageOfPage":{"@id":"https:\/\/proissa.mx\/?product=sistema-de-estabilizacion-de-costilla-spider-fractura-vertical-2#primaryimage"},"image":{"@id":"https:\/\/proissa.mx\/?product=sistema-de-estabilizacion-de-costilla-spider-fractura-vertical-2#primaryimage"},"thumbnailUrl":"https:\/\/proissa.mx\/wp-content\/uploads\/2024\/11\/9921908035.webp","datePublished":"2024-11-21T04:53:08+00:00","dateModified":"2025-02-24T00:58:25+00:00","breadcrumb":{"@id":"https:\/\/proissa.mx\/?product=sistema-de-estabilizacion-de-costilla-spider-fractura-vertical-2#breadcrumb"},"inLanguage":"es","potentialAction":[{"@type":"ReadAction","target":["https:\/\/proissa.mx\/?product=sistema-de-estabilizacion-de-costilla-spider-fractura-vertical-2"]}]},{"@type":"ImageObject","inLanguage":"es","@id":"https:\/\/proissa.mx\/?product=sistema-de-estabilizacion-de-costilla-spider-fractura-vertical-2#primaryimage","url":"https:\/\/proissa.mx\/wp-content\/uploads\/2024\/11\/9921908035.webp","contentUrl":"https:\/\/proissa.mx\/wp-content\/uploads\/2024\/11\/9921908035.webp","width":1000,"height":1000},{"@type":"BreadcrumbList","@id":"https:\/\/proissa.mx\/?product=sistema-de-estabilizacion-de-costilla-spider-fractura-vertical-2#breadcrumb","itemListElement":[{"@type":"ListItem","position":1,"name":"Inicio","item":"https:\/\/proissa.mx\/"},{"@type":"ListItem","position":2,"name":"Marcas","item":"https:\/\/proissa.mx\/?page_id=7"},{"@type":"ListItem","position":3,"name":"Sistema de estabilizaci\u00f3n de costilla Spider Fractura Vertical"}]},{"@type":"WebSite","@id":"https:\/\/proissa.mx\/#website","url":"https:\/\/proissa.mx\/","name":"PROISSA.mx","description":"Soluciones m\u00e9dicas que transforman vidas","publisher":{"@id":"https:\/\/proissa.mx\/#organization"},"potentialAction":[{"@type":"SearchAction","target":{"@type":"EntryPoint","urlTemplate":"https:\/\/proissa.mx\/?s={search_term_string}"},"query-input":{"@type":"PropertyValueSpecification","valueRequired":true,"valueName":"search_term_string"}}],"inLanguage":"es"},{"@type":"Organization","@id":"https:\/\/proissa.mx\/#organization","name":"PROISSA","url":"https:\/\/proissa.mx\/","logo":{"@type":"ImageObject","inLanguage":"es","@id":"https:\/\/proissa.mx\/#\/schema\/logo\/image\/","url":"https:\/\/proissa.mx\/wp-content\/uploads\/2025\/01\/Logo-Proissa.webp","contentUrl":"https:\/\/proissa.mx\/wp-content\/uploads\/2025\/01\/Logo-Proissa.webp","width":99,"height":39,"caption":"PROISSA"},"image":{"@id":"https:\/\/proissa.mx\/#\/schema\/logo\/image\/"},"sameAs":["https:\/\/www.facebook.com\/proissamx","https:\/\/www.instagram.com\/proissa.mx\/","https:\/\/www.linkedin.com\/company\/proissa\/"]}]}},"_links":{"self":[{"href":"https:\/\/proissa.mx\/index.php?rest_route=\/wp\/v2\/product\/114","targetHints":{"allow":["GET"]}}],"collection":[{"href":"https:\/\/proissa.mx\/index.php?rest_route=\/wp\/v2\/product"}],"about":[{"href":"https:\/\/proissa.mx\/index.php?rest_route=\/wp\/v2\/types\/product"}],"replies":[{"embeddable":true,"href":"https:\/\/proissa.mx\/index.php?rest_route=%2Fwp%2Fv2%2Fcomments&post=114"}],"wp:featuredmedia":[{"embeddable":true,"href":"https:\/\/proissa.mx\/index.php?rest_route=\/wp\/v2\/media\/67"}],"wp:attachment":[{"href":"https:\/\/proissa.mx\/index.php?rest_route=%2Fwp%2Fv2%2Fmedia&parent=114"}],"wp:term":[{"taxonomy":"product_brand","embeddable":true,"href":"https:\/\/proissa.mx\/index.php?rest_route=%2Fwp%2Fv2%2Fproduct_brand&post=114"},{"taxonomy":"product_cat","embeddable":true,"href":"https:\/\/proissa.mx\/index.php?rest_route=%2Fwp%2Fv2%2Fproduct_cat&post=114"},{"taxonomy":"product_tag","embeddable":true,"href":"https:\/\/proissa.mx\/index.php?rest_route=%2Fwp%2Fv2%2Fproduct_tag&post=114"}],"curies":[{"name":"wp","href":"https:\/\/api.w.org\/{rel}","templated":true}]}}